{"id":987507556,"date":"2026-01-02T14:53:56","date_gmt":"2026-01-02T14:53:56","guid":{"rendered":"https:\/\/moroccoviatravel.com\/acerca-de-nosotros\/"},"modified":"2026-03-16T17:12:26","modified_gmt":"2026-03-16T17:12:26","slug":"acerca-de-nosotros","status":"publish","type":"page","link":"https:\/\/moroccoviatravel.com\/es\/acerca-de-nosotros\/","title":{"rendered":"Acerca de nosotros"},"content":{"rendered":"<p>[et_pb_section fb_built=\u00bb1&#8243; custom_padding_last_edited=\u00bbon|phone\u00bb admin_label=\u00bbHeader\u00bb _builder_version=\u00bb4.27.5&#8243; _module_preset=\u00bbdefault\u00bb use_background_color_gradient=\u00bbon\u00bb background_color_gradient_stops=\u00bbrgba(18,17,93,0.4) 0%|rgba(18,17,93,0.4) 100%\u00bb background_color_gradient_overlays_image=\u00bbon\u00bb background_color_gradient_start=\u00bbrgba(18,17,93,0.4)\u00bb background_color_gradient_end=\u00bbrgba(18,17,93,0.4)\u00bb background_image=\u00bbhttps:\/\/moroccoviatravel.com\/wp-content\/uploads\/2026\/01\/from-marrakech-to-merzouga-erg-chebbi-4-day-desert-tour-6146086.webp\u00bb background_position=\u00bbbottom_center\u00bb custom_padding=\u00bb120px||120px||true|false\u00bb custom_padding_tablet=\u00bb100px||100px||true|false\u00bb custom_padding_phone=\u00bb80px||80px||true|false\u00bb locked=\u00bboff\u00bb global_colors_info=\u00bb{}\u00bb][et_pb_row _builder_version=\u00bb4.27.5&#8243; _module_preset=\u00bbdefault\u00bb max_width=\u00bb1300px\u00bb global_colors_info=\u00bb{}\u00bb][et_pb_column type=\u00bb4_4&#8243; _builder_version=\u00bb4.16&#8243; _module_preset=\u00bbdefault\u00bb global_colors_info=\u00bb{}\u00bb][et_pb_text _builder_version=\u00bb4.27.5&#8243; _module_preset=\u00bbd72c0383-6487-4f2c-ac5c-7d48a6376757&#8243; header_font=\u00bbYeseva One||||||||\u00bb header_text_color=\u00bb#FFFFFF\u00bb header_font_size=\u00bb90px\u00bb animation_style=\u00bbslide\u00bb animation_direction=\u00bbtop\u00bb animation_duration=\u00bb1300ms\u00bb animation_intensity_slide=\u00bb4%\u00bb animation_starting_opacity=\u00bb50%\u00bb animation_speed_curve=\u00bbease\u00bb header_font_size_tablet=\u00bb8vw\u00bb header_font_size_phone=\u00bb8vw\u00bb header_font_size_last_edited=\u00bbon|tablet\u00bb global_colors_info=\u00bb{}\u00bb]<\/p>\n<h1 style=\"text-align: center;\"><span>Marruecos Via Travel <\/span><\/h1>\n<p>[\/et_pb_text][\/et_pb_column][\/et_pb_row][et_pb_row column_structure=\u00bb1_2,1_2&#8243; use_custom_gutter=\u00bbon\u00bb gutter_width=\u00bb1&#8243; make_equal=\u00bbon\u00bb _builder_version=\u00bb4.27.5&#8243; _module_preset=\u00bbdefault\u00bb max_width=\u00bb1300px\u00bb custom_padding=\u00bb0px||0px||true|false\u00bb border_width_all=\u00bb2px\u00bb border_color_all=\u00bb#FFFFFF\u00bb global_colors_info=\u00bb{}\u00bb][et_pb_column type=\u00bb1_2&#8243; _builder_version=\u00bb4.27.5&#8243; _module_preset=\u00bbdefault\u00bb background_color=\u00bbrgba(15,113,115,0.56)\u00bb custom_padding=\u00bb80px|60px|80px|60px|true|true\u00bb custom_padding_tablet=\u00bb40px|30px|40px|30px|true|true\u00bb custom_padding_phone=\u00bb|20px||20px|true|true\u00bb custom_padding_last_edited=\u00bbon|tablet\u00bb global_colors_info=\u00bb{}\u00bb][et_pb_text _builder_version=\u00bb4.27.5&#8243; _module_preset=\u00bb32021f09-dd67-47fb-8f9a-832b72a38baf\u00bb header_2_font=\u00bbYeseva One|700|||||||\u00bb header_2_text_color=\u00bb#FFFFFF\u00bb header_2_font_size=\u00bb60px\u00bb header_2_line_height=\u00bb1.5em\u00bb custom_margin=\u00bb||10px||false|false\u00bb animation_style=\u00bbslide\u00bb animation_direction=\u00bbleft\u00bb animation_duration=\u00bb300ms\u00bb animation_intensity_slide=\u00bb1%\u00bb animation_starting_opacity=\u00bb50%\u00bb animation_speed_curve=\u00bbease\u00bb header_2_text_align_tablet=\u00bbcenter\u00bb header_2_text_align_phone=\u00bbcenter\u00bb header_2_text_align_last_edited=\u00bbon|tablet\u00bb header_2_font_size_tablet=\u00bb35px\u00bb header_2_font_size_phone=\u00bb24px\u00bb header_2_font_size_last_edited=\u00bbon|tablet\u00bb locked=\u00bboff\u00bb global_colors_info=\u00bb{}\u00bb]<\/p>\n<h2>Vive Marruecos como nunca antes<\/h2>\n<p>[\/et_pb_text][\/et_pb_column][et_pb_column type=\u00bb1_2&#8243; _builder_version=\u00bb4.16&#8243; _module_preset=\u00bbdefault\u00bb background_color=\u00bb#FFFFFF\u00bb custom_padding=\u00bb80px|60px|80px|60px|true|true\u00bb custom_padding_tablet=\u00bb40px|30px|40px|30px|true|true\u00bb custom_padding_phone=\u00bb|20px||20px|true|true\u00bb custom_padding_last_edited=\u00bbon|desktop\u00bb global_colors_info=\u00bb{}\u00bb][et_pb_text _builder_version=\u00bb4.27.5&#8243; _module_preset=\u00bbaec0be99-8a53-4f75-abf2-64f29a8b4cc2&#8243; text_font=\u00bbMontserrat||||||||\u00bb text_text_color=\u00bb#000000&#8243; text_font_size=\u00bb17px\u00bb header_2_font=\u00bbYeseva One||||||||\u00bb header_2_text_color=\u00bb#a05221&#8243; header_2_font_size=\u00bb30px\u00bb animation_style=\u00bbslide\u00bb animation_direction=\u00bbbottom\u00bb animation_speed_curve=\u00bbease\u00bb text_font_size_tablet=\u00bb16px\u00bb text_font_size_phone=\u00bb15px\u00bb text_font_size_last_edited=\u00bbon|phone\u00bb text_line_height_tablet=\u00bb\u00bb text_line_height_phone=\u00bb1.4em\u00bb text_line_height_last_edited=\u00bbon|phone\u00bb locked=\u00bboff\u00bb global_colors_info=\u00bb{}\u00bb]<\/p>\n<p><span>En MoroccoViaTravel creemos que viajar es mucho m\u00e1s que visitar nuevos lugares; se trata de sumergirse en el coraz\u00f3n y el alma de un pa\u00eds. Nuestro objetivo es crear viajes que vayan m\u00e1s all\u00e1 del turismo t\u00edpico, permitiendo a los viajeros conectar profundamente con la cultura, la historia y los impresionantes paisajes de Marruecos.<\/span><\/p>\n<p><span>Creamos experiencias dise\u00f1adas para mentes curiosas y esp\u00edritus aventureros. Desde pasear por las sinuosas calles de las antiguas medinas hasta explorar grandiosos palacios y animados mercados, cada recorrido ofrece la oportunidad de descubrir las historias, tradiciones y el patrimonio que hacen de Marruecos un lugar \u00fanico.<\/span><\/p>\n<p>[\/et_pb_text][\/et_pb_column][\/et_pb_row][\/et_pb_section][et_pb_section fb_built=\u00bb1&#8243; admin_label=\u00bbMission\u00bb _builder_version=\u00bb4.16&#8243; _module_preset=\u00bbdefault\u00bb locked=\u00bboff\u00bb global_colors_info=\u00bb{}\u00bb][et_pb_row column_structure=\u00bb1_2,1_2&#8243; _builder_version=\u00bb4.27.5&#8243; _module_preset=\u00bbdefault\u00bb max_width=\u00bb1300px\u00bb global_colors_info=\u00bb{}\u00bb][et_pb_column type=\u00bb1_2&#8243; _builder_version=\u00bb4.16&#8243; _module_preset=\u00bbdefault\u00bb global_colors_info=\u00bb{}\u00bb][et_pb_text _builder_version=\u00bb4.27.5&#8243; _module_preset=\u00bb32021f09-dd67-47fb-8f9a-832b72a38baf\u00bb header_2_font=\u00bbYeseva One|700|||||||\u00bb header_2_text_color=\u00bb#0f7173&#8243; header_2_font_size=\u00bb60px\u00bb header_2_line_height=\u00bb1.4em\u00bb custom_margin=\u00bb||10px||false|false\u00bb animation_style=\u00bbslide\u00bb animation_direction=\u00bbbottom\u00bb animation_duration=\u00bb300ms\u00bb animation_intensity_slide=\u00bb1%\u00bb animation_starting_opacity=\u00bb50%\u00bb animation_speed_curve=\u00bbease\u00bb header_2_text_align_tablet=\u00bbcenter\u00bb header_2_text_align_phone=\u00bbcenter\u00bb header_2_text_align_last_edited=\u00bbon|desktop\u00bb header_2_font_size_tablet=\u00bb35px\u00bb header_2_font_size_phone=\u00bb24px\u00bb header_2_font_size_last_edited=\u00bbon|tablet\u00bb header_2_line_height_last_edited=\u00bboff|phone\u00bb locked=\u00bboff\u00bb global_colors_info=\u00bb{}\u00bb]<\/p>\n<h2><span>\u00bfPor qu\u00e9 elegir Morocco Via Travel?<\/span><\/h2>\n<p>[\/et_pb_text][\/et_pb_column][et_pb_column type=\u00bb1_2&#8243; _builder_version=\u00bb4.27.5&#8243; _module_preset=\u00bbdefault\u00bb animation_style=\u00bbslide\u00bb animation_direction=\u00bbright\u00bb animation_speed_curve=\u00bbease\u00bb global_colors_info=\u00bb{}\u00bb][et_pb_blurb title=\u00bbExperiencias culturales aut\u00e9nticas: Descubra las historias que se esconden tras los emblem\u00e1ticos monumentos de Marruecos con gu\u00edas expertos, explorando la historia, la arquitectura y las tradiciones locales de una forma significativa.\u00bb image=\u00bbhttps:\/\/moroccoviatravel.com\/wp-content\/uploads\/2026\/01\/marina-14.png\u00bb icon_placement=\u00bbleft\u00bb image_icon_width=\u00bb48px\u00bb content_max_width=\u00bb100%\u00bb icon_placement_tablet=\u00bb\u00bb icon_placement_phone=\u00bbtop\u00bb icon_placement_last_edited=\u00bbon|phone\u00bb image_icon_width_tablet=\u00bb48px\u00bb image_icon_width_phone=\u00bb40px\u00bb image_icon_width_last_edited=\u00bbon|phone\u00bb _builder_version=\u00bb4.27.5&#8243; _module_preset=\u00bb5635b989-66d4-4674-b533-7c2fe71428fb\u00bb header_font=\u00bbMontserrat|600|||||||\u00bb header_text_color=\u00bbgcid-c9411f34-b37e-4feb-a841-9533663e2403&#8243; header_font_size=\u00bb17px\u00bb header_line_height=\u00bb1.4em\u00bb body_text_color=\u00bbrgba(0,0,0,0.7)\u00bb body_line_height=\u00bb2em\u00bb image_icon_custom_padding_tablet=\u00bb\u00bb image_icon_custom_padding_phone=\u00bb\u00bb image_icon_custom_padding_last_edited=\u00bbon|phone\u00bb header_font_size_tablet=\u00bb16px\u00bb header_font_size_phone=\u00bb15px\u00bb header_font_size_last_edited=\u00bbon|tablet\u00bb header_line_height_tablet=\u00bb1.4em\u00bb header_line_height_phone=\u00bb1.3em\u00bb header_line_height_last_edited=\u00bbon|phone\u00bb border_width_all_image_tablet=\u00bb\u00bb border_width_all_image_phone=\u00bb\u00bb border_width_all_image_last_edited=\u00bbon|phone\u00bb image_max_width=\u00bb48px\u00bb image_max_width_tablet=\u00bb\u00bb image_max_width_phone=\u00bb40px\u00bb image_max_width_last_edited=\u00bbon|phone\u00bb locked=\u00bboff\u00bb global_colors_info=\u00bb{}\u00bb][\/et_pb_blurb][et_pb_blurb title=\u00bbExploraci\u00f3n culinaria: Del\u00e9itese con los aut\u00e9nticos sabores marroqu\u00edes a trav\u00e9s de catas guiadas, visitas a mercados y experiencias culinarias interactivas que revelan los secretos de la cocina tradicional.\u00bb image=\u00bbhttps:\/\/moroccoviatravel.com\/wp-content\/uploads\/2026\/01\/marina-12.png\u00bb icon_placement=\u00bbleft\u00bb image_icon_width=\u00bb48px\u00bb content_max_width=\u00bb100%\u00bb icon_placement_tablet=\u00bb\u00bb icon_placement_phone=\u00bbtop\u00bb icon_placement_last_edited=\u00bbon|phone\u00bb image_icon_width_tablet=\u00bb48px\u00bb image_icon_width_phone=\u00bb40px\u00bb image_icon_width_last_edited=\u00bbon|phone\u00bb _builder_version=\u00bb4.27.5&#8243; _module_preset=\u00bb5635b989-66d4-4674-b533-7c2fe71428fb\u00bb header_font=\u00bbMontserrat|600|||||||\u00bb header_text_color=\u00bbgcid-c9411f34-b37e-4feb-a841-9533663e2403&#8243; header_font_size=\u00bb17px\u00bb header_line_height=\u00bb1.4em\u00bb body_text_color=\u00bbrgba(0,0,0,0.7)\u00bb body_line_height=\u00bb2em\u00bb header_font_size_tablet=\u00bb16px\u00bb header_font_size_phone=\u00bb15px\u00bb header_font_size_last_edited=\u00bbon|tablet\u00bb header_line_height_tablet=\u00bb1.4em\u00bb header_line_height_phone=\u00bb1.3em\u00bb header_line_height_last_edited=\u00bbon|phone\u00bb image_max_width=\u00bb48px\u00bb image_max_width_tablet=\u00bb\u00bb image_max_width_phone=\u00bb40px\u00bb image_max_width_last_edited=\u00bbon|phone\u00bb locked=\u00bboff\u00bb global_colors_info=\u00bb{}\u00bb][\/et_pb_blurb][et_pb_blurb title=\u00bbImpacto social positivo: Apoye a las comunidades locales y a los artesanos visitando talleres y cooperativas, ayudando a preservar artesan\u00edas ancestrales y haciendo que su viaje sea socialmente responsable.\u00bb image=\u00bbhttps:\/\/moroccoviatravel.com\/wp-content\/uploads\/2026\/01\/marina-13.png\u00bb icon_placement=\u00bbleft\u00bb image_icon_width=\u00bb48px\u00bb content_max_width=\u00bb100%\u00bb icon_placement_tablet=\u00bb\u00bb icon_placement_phone=\u00bbtop\u00bb icon_placement_last_edited=\u00bbon|phone\u00bb image_icon_width_tablet=\u00bb48px\u00bb image_icon_width_phone=\u00bb40px\u00bb image_icon_width_last_edited=\u00bbon|phone\u00bb _builder_version=\u00bb4.27.5&#8243; _module_preset=\u00bb5635b989-66d4-4674-b533-7c2fe71428fb\u00bb header_font=\u00bbMontserrat|600|||||||\u00bb header_text_color=\u00bbgcid-c9411f34-b37e-4feb-a841-9533663e2403&#8243; header_font_size=\u00bb17px\u00bb header_line_height=\u00bb1.4em\u00bb body_text_color=\u00bbrgba(0,0,0,0.7)\u00bb body_line_height=\u00bb2em\u00bb header_font_size_tablet=\u00bb16px\u00bb header_font_size_phone=\u00bb15px\u00bb header_font_size_last_edited=\u00bbon|tablet\u00bb header_line_height_tablet=\u00bb1.4em\u00bb header_line_height_phone=\u00bb1.3em\u00bb header_line_height_last_edited=\u00bbon|phone\u00bb image_max_width=\u00bb48px\u00bb image_max_width_tablet=\u00bb\u00bb image_max_width_phone=\u00bb40px\u00bb image_max_width_last_edited=\u00bbon|phone\u00bb locked=\u00bboff\u00bb global_colors_info=\u00bb{}\u00bb][\/et_pb_blurb][\/et_pb_column][\/et_pb_row][et_pb_row column_structure=\u00bb2_5,3_5&#8243; module_id=\u00bbcls\u00bb _builder_version=\u00bb4.27.5&#8243; _module_preset=\u00bbdefault\u00bb max_width=\u00bb1300px\u00bb global_colors_info=\u00bb{}\u00bb][et_pb_column type=\u00bb2_5&#8243; _builder_version=\u00bb4.27.5&#8243; _module_preset=\u00bbdefault\u00bb global_colors_info=\u00bb{}\u00bb][et_pb_image src=\u00bbhttps:\/\/moroccoviatravel.com\/wp-content\/uploads\/2026\/01\/pexels-elif-kubra-yasar-259140318-33742153.jpg\u00bb title_text=\u00bbpexels-elif-kubra-yasar-259140318-33742153&#8243; _builder_version=\u00bb4.27.5&#8243; _module_preset=\u00bbdefault\u00bb width=\u00bb100%\u00bb width_last_edited=\u00bboff|desktop\u00bb module_alignment=\u00bbcenter\u00bb animation_style=\u00bbslide\u00bb animation_speed_curve=\u00bbease\u00bb border_radii=\u00bboff|13px|90px|13px|90px\u00bb border_radii_tablet=\u00bboff|13px|90px|13px|90px\u00bb border_radii_phone=\u00bboff|13px|90px|13px|90px\u00bb border_radii_last_edited=\u00bbon|desktop\u00bb box_shadow_style=\u00bbpreset3&#8243; global_colors_info=\u00bb{}\u00bb][\/et_pb_image][\/et_pb_column][et_pb_column type=\u00bb3_5&#8243; _builder_version=\u00bb4.27.5&#8243; _module_preset=\u00bbdefault\u00bb animation_style=\u00bbslide\u00bb animation_direction=\u00bbbottom\u00bb animation_speed_curve=\u00bbease\u00bb global_colors_info=\u00bb{}\u00bb][et_pb_text _builder_version=\u00bb4.27.5&#8243; _module_preset=\u00bb32021f09-dd67-47fb-8f9a-832b72a38baf\u00bb header_2_font=\u00bbYeseva One|700|||||||\u00bb header_2_text_color=\u00bb#0f7173&#8243; header_2_font_size=\u00bb60px\u00bb header_2_line_height=\u00bb1.4em\u00bb custom_margin=\u00bb||10px||false|false\u00bb animation_direction=\u00bbleft\u00bb header_2_text_align_tablet=\u00bbcenter\u00bb header_2_text_align_phone=\u00bbcenter\u00bb header_2_text_align_last_edited=\u00bbon|desktop\u00bb header_2_font_size_tablet=\u00bb39px\u00bb header_2_font_size_phone=\u00bb27px\u00bb header_2_font_size_last_edited=\u00bbon|tablet\u00bb header_2_line_height_last_edited=\u00bboff|phone\u00bb locked=\u00bboff\u00bb global_colors_info=\u00bb{}\u00bb]<\/p>\n<h2><span>Nuestra misi\u00f3n:<\/span><\/h2>\n<p>[\/et_pb_text][et_pb_text _builder_version=\u00bb4.27.5&#8243; _module_preset=\u00bbdefault\u00bb text_font=\u00bbMontserrat||||||||\u00bb text_text_color=\u00bb#000000&#8243; text_font_size=\u00bb17px\u00bb header_2_font=\u00bbYeseva One||||||||\u00bb header_2_text_color=\u00bb#a05221&#8243; header_2_font_size=\u00bb30px\u00bb animation_style=\u00bbslide\u00bb animation_direction=\u00bbbottom\u00bb animation_speed_curve=\u00bbease\u00bb text_font_size_tablet=\u00bb16px\u00bb text_font_size_phone=\u00bb15px\u00bb text_font_size_last_edited=\u00bbon|phone\u00bb text_line_height_tablet=\u00bb\u00bb text_line_height_phone=\u00bb1.4em\u00bb text_line_height_last_edited=\u00bbon|phone\u00bb locked=\u00bboff\u00bb global_colors_info=\u00bb{}\u00bb]Nuestra misi\u00f3n es cambiar la forma en que los viajeros viven Marruecos. Nos centramos en las conexiones aut\u00e9nticas, lejos de las multitudes de turistas, para que puedas conocer a los lugare\u00f1os, descubrir tesoros ocultos y ser testigo de la hospitalidad y la calidez por las que Marruecos es conocido.<br \/>\nCon MoroccoViaTravel, cada viaje es sencillo y enriquecedor. Desde tours y alojamientos personalizados hasta gu\u00edas profesionales y transporte c\u00f3modo, nos encargamos de cada detalle para que puedas disfrutar plenamente de tu aventura.<br \/>\nViaja con nosotros y descubre Marruecos no solo como un destino, sino como una experiencia que te inspirar\u00e1, transformar\u00e1 y permanecer\u00e1 contigo mucho despu\u00e9s de que tu viaje haya terminado.[\/et_pb_text][et_pb_code _builder_version=\u00bb4.27.5&#8243; _module_preset=\u00bbdefault\u00bb global_colors_info=\u00bb{}\u00bb]<\/p>\n<style><!-- [et_pb_line_break_holder] -->  @media (min-width: 1080px) {<!-- [et_pb_line_break_holder] -->  #cls{<!-- [et_pb_line_break_holder] -->    display:flex;<!-- [et_pb_line_break_holder] -->    align-items:center<!-- [et_pb_line_break_holder] -->  } }<!-- [et_pb_line_break_holder] --><\/style>\n<p>[\/et_pb_code][et_pb_button button_url=\u00bb@ET-DC@eyJkeW5hbWljIjp0cnVlLCJjb250ZW50IjoicG9zdF9saW5rX3VybF9wYWdlIiwic2V0dGluZ3MiOnsicG9zdF9pZCI6IjYzIiwiZW5hYmxlX2h0bWwiOiJvZmYifX0=@\u00bb button_text=\u00bbCont\u00e1ctenos\u00bb button_alignment_tablet=\u00bbcenter\u00bb button_alignment_phone=\u00bbcenter\u00bb button_alignment_last_edited=\u00bbon|tablet\u00bb _builder_version=\u00bb4.27.5&#8243; _dynamic_attributes=\u00bbbutton_url\u00bb _module_preset=\u00bbdefault\u00bb custom_button=\u00bbon\u00bb button_text_size=\u00bb15px\u00bb button_text_color=\u00bb#FFFFFF\u00bb button_bg_color=\u00bb#0f7173&#8243; button_border_width=\u00bb0px\u00bb button_border_radius=\u00bb49px\u00bb button_font=\u00bbMontserrat||||||||\u00bb button_icon=\u00bb&#xf1d8;||fa||900&#8243; button_on_hover=\u00bboff\u00bb custom_padding=\u00bb12px|40px|12px|23px|true|false\u00bb custom_padding_tablet=\u00bb12px|40px|12px|23px|true|false\u00bb custom_padding_phone=\u00bb12px|40px|12px|23px|true|false\u00bb custom_padding_last_edited=\u00bbon|phone\u00bb global_colors_info=\u00bb{}\u00bb button_custom_padding_tablet=\u00bb12px|36px|12px|16px|true|false\u00bb button_custom_padding_phone=\u00bb13px||13px||true|false\u00bb button_custom_padding_last_edited=\u00bbon|tablet\u00bb][\/et_pb_button][\/et_pb_column][\/et_pb_row][\/et_pb_section][et_pb_section fb_built=\u00bb1&#8243; _builder_version=\u00bb4.27.5&#8243; _module_preset=\u00bbdefault\u00bb background_color=\u00bb#f5f5f5&#8243; global_colors_info=\u00bb{}\u00bb][et_pb_row column_structure=\u00bb3_5,2_5&#8243; module_id=\u00bbcls\u00bb _builder_version=\u00bb4.27.5&#8243; _module_preset=\u00bbdefault\u00bb max_width=\u00bb1300px\u00bb locked=\u00bboff\u00bb global_colors_info=\u00bb{}\u00bb][et_pb_column type=\u00bb3_5&#8243; _builder_version=\u00bb4.27.5&#8243; _module_preset=\u00bbdefault\u00bb animation_style=\u00bbslide\u00bb animation_direction=\u00bbbottom\u00bb animation_speed_curve=\u00bbease\u00bb global_colors_info=\u00bb{}\u00bb][et_pb_text _builder_version=\u00bb4.27.5&#8243; _module_preset=\u00bb32021f09-dd67-47fb-8f9a-832b72a38baf\u00bb header_2_font=\u00bbYeseva One|700|||||||\u00bb header_2_text_color=\u00bb#0f7173&#8243; header_2_font_size=\u00bb60px\u00bb header_2_line_height=\u00bb1.4em\u00bb custom_margin=\u00bb||10px||false|false\u00bb animation_direction=\u00bbleft\u00bb header_2_text_align_tablet=\u00bbcenter\u00bb header_2_text_align_phone=\u00bbcenter\u00bb header_2_text_align_last_edited=\u00bbon|desktop\u00bb header_2_font_size_tablet=\u00bb39px\u00bb header_2_font_size_phone=\u00bb27px\u00bb header_2_font_size_last_edited=\u00bbon|tablet\u00bb header_2_line_height_last_edited=\u00bboff|phone\u00bb locked=\u00bboff\u00bb global_colors_info=\u00bb{}\u00bb]<\/p>\n<h2><span>\u00bfQu\u00e9 ofrecemos?<\/span><\/h2>\n<p>[\/et_pb_text][et_pb_text _builder_version=\u00bb4.27.5&#8243; _module_preset=\u00bbdefault\u00bb text_font=\u00bbMontserrat||||||||\u00bb text_text_color=\u00bb#000000&#8243; text_font_size=\u00bb17px\u00bb header_2_font=\u00bbYeseva One||||||||\u00bb header_2_text_color=\u00bb#a05221&#8243; header_2_font_size=\u00bb30px\u00bb animation_style=\u00bbslide\u00bb animation_direction=\u00bbbottom\u00bb animation_speed_curve=\u00bbease\u00bb text_font_size_tablet=\u00bb16px\u00bb text_font_size_phone=\u00bb15px\u00bb text_font_size_last_edited=\u00bbon|phone\u00bb text_line_height_tablet=\u00bb\u00bb text_line_height_phone=\u00bb1.4em\u00bb text_line_height_last_edited=\u00bbon|phone\u00bb locked=\u00bboff\u00bb global_colors_info=\u00bb{}\u00bb]<span>En Morocco Via Travel, nos especializamos en crear viajes que van mucho m\u00e1s all\u00e1 de los viajes habituales. Nuestros paquetes todo incluido, cuidadosamente seleccionados, ofrecen una forma perfecta de explorar la vibrante cultura, la fascinante historia y los impresionantes paisajes de Marruecos. Cada detalle se trata con esmero, lo que te permite sumergirte por completo en una aventura verdaderamente inolvidable.<\/span><\/p>\n<ul>\n<li><span>Tours a medida: itinerarios personalizados dise\u00f1ados para adaptarse a sus intereses y ritmo.<\/span><\/li>\n<li><span>Alojamiento: Hoteles o riads c\u00f3modos y cuidadosamente seleccionados para una estancia sin complicaciones.<\/span><\/li>\n<li><span>Gu\u00edas profesionales: expertos con amplios conocimientos que dan vida a las historias y tradiciones de Marruecos.<\/span><\/li>\n<li\"><span>Conductores y veh\u00edculos con experiencia: transporte seguro y fiable durante todo el trayecto.<\/span><\/li>\n<\/ul>\n<p><span>Con MoroccoViaTravel, cada viaje est\u00e1 dise\u00f1ado para garantizar comodidad, autenticidad y una experiencia marroqu\u00ed inolvidable.<\/span>[\/et_pb_text][et_pb_code _builder_version=\u00bb4.27.5&#8243; _module_preset=\u00bbdefault\u00bb global_colors_info=\u00bb{}\u00bb]<\/p>\n<style><!-- [et_pb_line_break_holder] -->  @media (min-width: 1080px) {<!-- [et_pb_line_break_holder] -->  #cls{<!-- [et_pb_line_break_holder] -->    display:flex;<!-- [et_pb_line_break_holder] -->    align-items:center<!-- [et_pb_line_break_holder] -->  } }<!-- [et_pb_line_break_holder] --><\/style>\n<p>[\/et_pb_code][et_pb_button button_url=\u00bb@ET-DC@eyJkeW5hbWljIjp0cnVlLCJjb250ZW50IjoicG9zdF9saW5rX3VybF9wYWdlIiwic2V0dGluZ3MiOnsicG9zdF9pZCI6IjYzIiwiZW5hYmxlX2h0bWwiOiJvZmYifX0=@\u00bb button_text=\u00bbCont\u00e1ctenos\u00bb button_alignment_tablet=\u00bbcenter\u00bb button_alignment_phone=\u00bbcenter\u00bb button_alignment_last_edited=\u00bbon|tablet\u00bb _builder_version=\u00bb4.27.5&#8243; _dynamic_attributes=\u00bbbutton_url\u00bb _module_preset=\u00bbdefault\u00bb custom_button=\u00bbon\u00bb button_text_size=\u00bb15px\u00bb button_text_color=\u00bb#FFFFFF\u00bb button_bg_color=\u00bb#0f7173&#8243; button_border_width=\u00bb0px\u00bb button_border_radius=\u00bb49px\u00bb button_font=\u00bbMontserrat||||||||\u00bb button_icon=\u00bb&#xf1d8;||fa||900&#8243; button_on_hover=\u00bboff\u00bb custom_padding=\u00bb12px|40px|12px|23px|true|false\u00bb custom_padding_tablet=\u00bb12px|40px|12px|23px|true|false\u00bb custom_padding_phone=\u00bb12px|40px|12px|23px|true|false\u00bb custom_padding_last_edited=\u00bbon|phone\u00bb global_colors_info=\u00bb{}\u00bb button_custom_padding_tablet=\u00bb12px|36px|12px|16px|true|false\u00bb button_custom_padding_phone=\u00bb13px||13px||true|false\u00bb button_custom_padding_last_edited=\u00bbon|tablet\u00bb][\/et_pb_button][\/et_pb_column][et_pb_column type=\u00bb2_5&#8243; _builder_version=\u00bb4.27.5&#8243; _module_preset=\u00bbdefault\u00bb global_colors_info=\u00bb{}\u00bb][et_pb_image src=\u00bbhttps:\/\/moroccoviatravel.com\/wp-content\/uploads\/2026\/01\/pexels-henrik-le-botos-654782730-32130878.jpg\u00bb title_text=\u00bbpexels-henrik-le-botos-654782730-32130878&#8243; _builder_version=\u00bb4.27.5&#8243; _module_preset=\u00bbdefault\u00bb width=\u00bb100%\u00bb width_last_edited=\u00bboff|desktop\u00bb module_alignment=\u00bbcenter\u00bb animation_style=\u00bbslide\u00bb animation_speed_curve=\u00bbease\u00bb border_radii=\u00bboff|13px|90px|13px|90px\u00bb border_radii_tablet=\u00bboff|13px|90px|13px|90px\u00bb border_radii_phone=\u00bboff|13px|90px|13px|90px\u00bb border_radii_last_edited=\u00bbon|desktop\u00bb box_shadow_style=\u00bbpreset3&#8243; global_colors_info=\u00bb{}\u00bb][\/et_pb_image][\/et_pb_column][\/et_pb_row][\/et_pb_section]<\/p>\n","protected":false},"excerpt":{"rendered":"<p>Marruecos Via Travel Vive Marruecos como nunca antesEn MoroccoViaTravel creemos que viajar es mucho m\u00e1s que visitar nuevos lugares; se trata de sumergirse en el coraz\u00f3n y el alma de un pa\u00eds. Nuestro objetivo es crear viajes que vayan m\u00e1s all\u00e1 del turismo t\u00edpico, permitiendo a los viajeros conectar profundamente con la cultura, la historia [&hellip;]<\/p>\n","protected":false},"author":3,"featured_media":0,"parent":0,"menu_order":0,"comment_status":"closed","ping_status":"closed","template":"","meta":{"_et_pb_use_builder":"on","_et_pb_old_content":"","_et_gb_content_width":"","footnotes":""},"class_list":["post-987507556","page","type-page","status-publish","hentry"],"_links":{"self":[{"href":"https:\/\/moroccoviatravel.com\/es\/wp-json\/wp\/v2\/pages\/987507556","targetHints":{"allow":["GET"]}}],"collection":[{"href":"https:\/\/moroccoviatravel.com\/es\/wp-json\/wp\/v2\/pages"}],"about":[{"href":"https:\/\/moroccoviatravel.com\/es\/wp-json\/wp\/v2\/types\/page"}],"author":[{"embeddable":true,"href":"https:\/\/moroccoviatravel.com\/es\/wp-json\/wp\/v2\/users\/3"}],"replies":[{"embeddable":true,"href":"https:\/\/moroccoviatravel.com\/es\/wp-json\/wp\/v2\/comments?post=987507556"}],"version-history":[{"count":9,"href":"https:\/\/moroccoviatravel.com\/es\/wp-json\/wp\/v2\/pages\/987507556\/revisions"}],"predecessor-version":[{"id":987508283,"href":"https:\/\/moroccoviatravel.com\/es\/wp-json\/wp\/v2\/pages\/987507556\/revisions\/987508283"}],"wp:attachment":[{"href":"https:\/\/moroccoviatravel.com\/es\/wp-json\/wp\/v2\/media?parent=987507556"}],"curies":[{"name":"wp","href":"https:\/\/api.w.org\/{rel}","templated":true}]}}