{"id":987507562,"date":"2026-01-02T14:54:02","date_gmt":"2026-01-02T14:54:02","guid":{"rendered":"https:\/\/moroccoviatravel.com\/contacto\/"},"modified":"2026-03-27T09:03:35","modified_gmt":"2026-03-27T09:03:35","slug":"contacto","status":"publish","type":"page","link":"https:\/\/moroccoviatravel.com\/es\/contacto\/","title":{"rendered":"Contacto"},"content":{"rendered":"<p>[et_pb_section fb_built=\u00bb1&#8243; admin_label=\u00bbHeader\u00bb _builder_version=\u00bb4.27.5&#8243; _module_preset=\u00bbdefault\u00bb background_color=\u00bbgcid-05864f7b-18b4-424d-8937-0b09a7c6a082&#8243; background_image=\u00bbhttps:\/\/moroccoviatravel.com\/wp-content\/uploads\/2026\/01\/event-coordinator-29.png\u00bb background_size=\u00bbcontain\u00bb collapsed=\u00bbon\u00bb global_colors_info=\u00bb{%22gcid-05864f7b-18b4-424d-8937-0b09a7c6a082%22:%91%22background_color%22%93}\u00bb][et_pb_row _builder_version=\u00bb4.20.0&#8243; _module_preset=\u00bbdefault\u00bb global_colors_info=\u00bb{}\u00bb][et_pb_column type=\u00bb4_4&#8243; _builder_version=\u00bb4.20.0&#8243; _module_preset=\u00bbdefault\u00bb global_colors_info=\u00bb{}\u00bb][et_pb_text _builder_version=\u00bb4.27.5&#8243; _module_preset=\u00bbc7fc0a55-51cc-45c4-aa4e-0417e38b5a2a\u00bb animation_style=\u00bbslide\u00bb animation_direction=\u00bbbottom\u00bb animation_speed_curve=\u00bbease\u00bb global_colors_info=\u00bb{}\u00bb]<\/p>\n<h4>Contacto<\/h4>\n<p>[\/et_pb_text][et_pb_text _builder_version=\u00bb4.27.5&#8243; _module_preset=\u00bb7852101e-d56d-4f65-b70d-1079d0bacc00&#8243; animation_style=\u00bbslide\u00bb animation_direction=\u00bbleft\u00bb animation_speed_curve=\u00bbease-in\u00bb global_colors_info=\u00bb{}\u00bb]<\/p>\n<h1>P\u00f3ngase en contacto<\/h1>\n<p>[\/et_pb_text][\/et_pb_column][\/et_pb_row][et_pb_row custom_padding_last_edited=\u00bbon|tablet\u00bb _builder_version=\u00bb4.27.5&#8243; _module_preset=\u00bbdefault\u00bb background_color=\u00bb#FFFFFF\u00bb custom_padding=\u00bb60px|60px|60px|60px|true|true\u00bb custom_padding_tablet=\u00bb30px|30px|30px|30px|true|true\u00bb custom_padding_phone=\u00bb20px|20px|20px|20px|true|true\u00bb animation_style=\u00bbslide\u00bb animation_direction=\u00bbbottom\u00bb animation_speed_curve=\u00bbease\u00bb border_color_all=\u00bbgcid-6e7959be-8245-4834-bd10-bf3c875e7c87&#8243; global_colors_info=\u00bb{%22gcid-6e7959be-8245-4834-bd10-bf3c875e7c87%22:%91%22border_color_all%22%93}\u00bb][et_pb_column type=\u00bb4_4&#8243; _builder_version=\u00bb4.20.0&#8243; _module_preset=\u00bbdefault\u00bb global_colors_info=\u00bb{}\u00bb][et_pb_contact_form captcha=\u00bboff\u00bb email=\u00bbmoroccoviatravel@gmail.com \u00bb _builder_version=\u00bb4.27.6&#8243; _module_preset=\u00bb8fdaed1f-1e33-445c-820c-8b5bf8521aeb\u00bb form_field_font=\u00bbRaleway|700|||||||\u00bb button_bg_use_color_gradient=\u00bbon\u00bb button_bg_color_gradient_stops=\u00bb#0f7173 0%|#0f7173 100%\u00bb locked=\u00bboff\u00bb global_colors_info=\u00bb{%22gcid-6e7959be-8245-4834-bd10-bf3c875e7c87%22:%91%22form_field_text_color%22,%22border_color_all%22,%22form_field_text_color%22,%22border_color_all%22,%22form_field_text_color%22,%22border_color_all%22,%22form_field_text_color%22,%22border_color_all%22,%22form_field_text_color%22,%22border_color_all%22,%22form_field_text_color%22,%22border_color_all%22,%22form_field_text_color%22,%22border_color_all%22,%22form_field_text_color%22,%22border_color_all%22,%22form_field_text_color%22%93}\u00bb][et_pb_contact_field field_id=\u00bbName\u00bb field_title=\u00bbNombre\u00bb fullwidth_field=\u00bbon\u00bb _builder_version=\u00bb4.16&#8243; _module_preset=\u00bbdefault\u00bb global_colors_info=\u00bb{}\u00bb button_text_size__hover_enabled=\u00bboff\u00bb button_one_text_size__hover_enabled=\u00bboff\u00bb button_two_text_size__hover_enabled=\u00bboff\u00bb button_text_color__hover_enabled=\u00bboff\u00bb button_one_text_color__hover_enabled=\u00bboff\u00bb button_two_text_color__hover_enabled=\u00bboff\u00bb button_border_width__hover_enabled=\u00bboff\u00bb button_one_border_width__hover_enabled=\u00bboff\u00bb button_two_border_width__hover_enabled=\u00bboff\u00bb button_border_color__hover_enabled=\u00bboff\u00bb button_one_border_color__hover_enabled=\u00bboff\u00bb button_two_border_color__hover_enabled=\u00bboff\u00bb button_border_radius__hover_enabled=\u00bboff\u00bb button_one_border_radius__hover_enabled=\u00bboff\u00bb button_two_border_radius__hover_enabled=\u00bboff\u00bb button_letter_spacing__hover_enabled=\u00bboff\u00bb button_one_letter_spacing__hover_enabled=\u00bboff\u00bb button_two_letter_spacing__hover_enabled=\u00bboff\u00bb button_bg_color__hover_enabled=\u00bboff\u00bb button_one_bg_color__hover_enabled=\u00bboff\u00bb button_two_bg_color__hover_enabled=\u00bboff\u00bb][\/et_pb_contact_field][et_pb_contact_field field_id=\u00bbEmail\u00bb field_title=\u00bbDirecci\u00f3n de correo electr\u00f3nico\u00bb field_type=\u00bbemail\u00bb fullwidth_field=\u00bbon\u00bb _builder_version=\u00bb4.16&#8243; _module_preset=\u00bbdefault\u00bb global_colors_info=\u00bb{}\u00bb button_text_size__hover_enabled=\u00bboff\u00bb button_one_text_size__hover_enabled=\u00bboff\u00bb button_two_text_size__hover_enabled=\u00bboff\u00bb button_text_color__hover_enabled=\u00bboff\u00bb button_one_text_color__hover_enabled=\u00bboff\u00bb button_two_text_color__hover_enabled=\u00bboff\u00bb button_border_width__hover_enabled=\u00bboff\u00bb button_one_border_width__hover_enabled=\u00bboff\u00bb button_two_border_width__hover_enabled=\u00bboff\u00bb button_border_color__hover_enabled=\u00bboff\u00bb button_one_border_color__hover_enabled=\u00bboff\u00bb button_two_border_color__hover_enabled=\u00bboff\u00bb button_border_radius__hover_enabled=\u00bboff\u00bb button_one_border_radius__hover_enabled=\u00bboff\u00bb button_two_border_radius__hover_enabled=\u00bboff\u00bb button_letter_spacing__hover_enabled=\u00bboff\u00bb button_one_letter_spacing__hover_enabled=\u00bboff\u00bb button_two_letter_spacing__hover_enabled=\u00bboff\u00bb button_bg_color__hover_enabled=\u00bboff\u00bb button_one_bg_color__hover_enabled=\u00bboff\u00bb button_two_bg_color__hover_enabled=\u00bboff\u00bb][\/et_pb_contact_field][et_pb_contact_field field_id=\u00bbMessage\u00bb field_title=\u00bbMensaje\u00bb field_type=\u00bbtext\u00bb fullwidth_field=\u00bbon\u00bb _builder_version=\u00bb4.16&#8243; _module_preset=\u00bbdefault\u00bb global_colors_info=\u00bb{}\u00bb button_text_size__hover_enabled=\u00bboff\u00bb button_one_text_size__hover_enabled=\u00bboff\u00bb button_two_text_size__hover_enabled=\u00bboff\u00bb button_text_color__hover_enabled=\u00bboff\u00bb button_one_text_color__hover_enabled=\u00bboff\u00bb button_two_text_color__hover_enabled=\u00bboff\u00bb button_border_width__hover_enabled=\u00bboff\u00bb button_one_border_width__hover_enabled=\u00bboff\u00bb button_two_border_width__hover_enabled=\u00bboff\u00bb button_border_color__hover_enabled=\u00bboff\u00bb button_one_border_color__hover_enabled=\u00bboff\u00bb button_two_border_color__hover_enabled=\u00bboff\u00bb button_border_radius__hover_enabled=\u00bboff\u00bb button_one_border_radius__hover_enabled=\u00bboff\u00bb button_two_border_radius__hover_enabled=\u00bboff\u00bb button_letter_spacing__hover_enabled=\u00bboff\u00bb button_one_letter_spacing__hover_enabled=\u00bboff\u00bb button_two_letter_spacing__hover_enabled=\u00bboff\u00bb button_bg_color__hover_enabled=\u00bboff\u00bb button_one_bg_color__hover_enabled=\u00bboff\u00bb button_two_bg_color__hover_enabled=\u00bboff\u00bb][\/et_pb_contact_field][\/et_pb_contact_form][\/et_pb_column][\/et_pb_row][\/et_pb_section][et_pb_section fb_built=\u00bb1&#8243; admin_label=\u00bbContact Info\u00bb _builder_version=\u00bb4.20.0&#8243; _module_preset=\u00bbdefault\u00bb background_color=\u00bbgcid-05864f7b-18b4-424d-8937-0b09a7c6a082&#8243; collapsed=\u00bbon\u00bb global_colors_info=\u00bb{%22gcid-05864f7b-18b4-424d-8937-0b09a7c6a082%22:%91%22background_color%22%93}\u00bb][et_pb_row column_structure=\u00bb1_3,1_3,1_3&#8243; _builder_version=\u00bb4.27.5&#8243; _module_preset=\u00bbdefault\u00bb animation_style=\u00bbslide\u00bb animation_direction=\u00bbbottom\u00bb animation_speed_curve=\u00bbease\u00bb global_colors_info=\u00bb{}\u00bb][et_pb_column type=\u00bb1_3&#8243; _builder_version=\u00bb4.20.0&#8243; _module_preset=\u00bbdefault\u00bb custom_padding_tablet=\u00bb||30px||false|false\u00bb custom_padding_phone=\u00bb||30px||false|false\u00bb custom_padding_last_edited=\u00bbon|tablet\u00bb global_colors_info=\u00bb{}\u00bb][et_pb_image src=\u00bbhttps:\/\/moroccoviatravel.com\/wp-content\/uploads\/2026\/01\/Event-coordinator_icon-09.png\u00bb title_text=\u00bbEvent-coordinator_icon-09&#8243; align=\u00bbcenter\u00bb _builder_version=\u00bb4.20.0&#8243; _module_preset=\u00bbdefault\u00bb global_colors_info=\u00bb{}\u00bb][\/et_pb_image][et_pb_divider color=\u00bbgcid-6e7959be-8245-4834-bd10-bf3c875e7c87&#8243; divider_position=\u00bbcenter\u00bb _builder_version=\u00bb4.20.0&#8243; _module_preset=\u00bbdefault\u00bb global_colors_info=\u00bb{%22gcid-6e7959be-8245-4834-bd10-bf3c875e7c87%22:%91%22color%22%93}\u00bb][\/et_pb_divider][et_pb_text _builder_version=\u00bb4.20.0&#8243; _module_preset=\u00bb3226d1a2-9e10-40b1-abe5-37689cc6bb67&#8243; text_orientation=\u00bbcenter\u00bb custom_margin=\u00bb||0px||false|false\u00bb global_colors_info=\u00bb{}\u00bb]<\/p>\n<h3>Tel\u00e9fono<\/h3>\n<p>[\/et_pb_text][et_pb_text _builder_version=\u00bb4.27.6&#8243; _module_preset=\u00bbb01b0e1c-313d-4478-94db-d968a302ae85&#8243; text_font_size=\u00bb18px\u00bb link_text_color=\u00bbgcid-6e7959be-8245-4834-bd10-bf3c875e7c87&#8243; text_orientation=\u00bbcenter\u00bb hover_enabled=\u00bb0&#8243; global_colors_info=\u00bb{%22gcid-6e7959be-8245-4834-bd10-bf3c875e7c87%22:%91%22text_text_color%22,%22link_text_color%22%93}\u00bb text_font_size_last_edited=\u00bboff|phone\u00bb sticky_enabled=\u00bb0&#8243; text_font_size_phone=\u00bb18px\u00bb]<\/p>\n<p><a href=\"tel:+212672381615\">+212672381615<\/a><\/p>\n<p>[\/et_pb_text][\/et_pb_column][et_pb_column type=\u00bb1_3&#8243; _builder_version=\u00bb4.20.0&#8243; _module_preset=\u00bbdefault\u00bb custom_padding_tablet=\u00bb||30px||false|false\u00bb custom_padding_phone=\u00bb||30px||false|false\u00bb custom_padding_last_edited=\u00bbon|tablet\u00bb global_colors_info=\u00bb{}\u00bb][et_pb_image src=\u00bbhttps:\/\/moroccoviatravel.com\/wp-content\/uploads\/2026\/01\/Event-coordinator_icon-11.png\u00bb title_text=\u00bbEvent-coordinator_icon-11&#8243; align=\u00bbcenter\u00bb _builder_version=\u00bb4.27.6&#8243; _module_preset=\u00bbdefault\u00bb global_colors_info=\u00bb{}\u00bb][\/et_pb_image][et_pb_divider color=\u00bbgcid-6e7959be-8245-4834-bd10-bf3c875e7c87&#8243; divider_position=\u00bbcenter\u00bb _builder_version=\u00bb4.20.0&#8243; _module_preset=\u00bbdefault\u00bb global_colors_info=\u00bb{%22gcid-6e7959be-8245-4834-bd10-bf3c875e7c87%22:%91%22color%22%93}\u00bb][\/et_pb_divider][et_pb_text _builder_version=\u00bb4.20.0&#8243; _module_preset=\u00bb3226d1a2-9e10-40b1-abe5-37689cc6bb67&#8243; text_orientation=\u00bbcenter\u00bb custom_margin=\u00bb||0px||false|false\u00bb global_colors_info=\u00bb{}\u00bb]<\/p>\n<h3>Correo electr\u00f3nico<\/h3>\n<p>[\/et_pb_text][et_pb_text _builder_version=\u00bb4.27.6&#8243; _module_preset=\u00bbb01b0e1c-313d-4478-94db-d968a302ae85&#8243; link_text_color=\u00bbgcid-6e7959be-8245-4834-bd10-bf3c875e7c87&#8243; text_orientation=\u00bbcenter\u00bb hover_enabled=\u00bb0&#8243; global_colors_info=\u00bb{%22gcid-6e7959be-8245-4834-bd10-bf3c875e7c87%22:%91%22text_text_color%22,%22link_text_color%22%93}\u00bb text_font_size_last_edited=\u00bboff|desktop\u00bb text_font_size=\u00bb18px\u00bb sticky_enabled=\u00bb0&#8243;]<\/p>\n<p><a href=\"mailto:moroccoviatravel@gmail.com\">moroccoviatravel@gmail.com<\/a><\/p>\n<p>[\/et_pb_text][\/et_pb_column][et_pb_column type=\u00bb1_3&#8243; _builder_version=\u00bb4.20.0&#8243; _module_preset=\u00bbdefault\u00bb global_colors_info=\u00bb{}\u00bb][et_pb_image src=\u00bbhttps:\/\/moroccoviatravel.com\/wp-content\/uploads\/2026\/03\/whtpx.png\u00bb title_text=\u00bbwhtpx\u00bb align=\u00bbcenter\u00bb _builder_version=\u00bb4.27.6&#8243; _module_preset=\u00bbdefault\u00bb locked=\u00bboff\u00bb global_colors_info=\u00bb{}\u00bb][\/et_pb_image][et_pb_divider color=\u00bbgcid-6e7959be-8245-4834-bd10-bf3c875e7c87&#8243; divider_position=\u00bbcenter\u00bb _builder_version=\u00bb4.20.0&#8243; _module_preset=\u00bbdefault\u00bb global_colors_info=\u00bb{%22gcid-6e7959be-8245-4834-bd10-bf3c875e7c87%22:%91%22color%22%93}\u00bb][\/et_pb_divider][et_pb_text _builder_version=\u00bb4.27.5&#8243; _module_preset=\u00bb3226d1a2-9e10-40b1-abe5-37689cc6bb67&#8243; text_orientation=\u00bbcenter\u00bb custom_margin=\u00bb||0px||false|false\u00bb global_colors_info=\u00bb{}\u00bb]<\/p>\n<h3>Tel\u00e9fono<\/h3>\n<p>[\/et_pb_text][et_pb_text _builder_version=\u00bb4.27.6&#8243; _module_preset=\u00bbb01b0e1c-313d-4478-94db-d968a302ae85&#8243; text_font_size=\u00bb18px\u00bb link_text_color=\u00bbgcid-6e7959be-8245-4834-bd10-bf3c875e7c87&#8243; text_orientation=\u00bbcenter\u00bb hover_enabled=\u00bb0&#8243; global_colors_info=\u00bb{%22gcid-6e7959be-8245-4834-bd10-bf3c875e7c87%22:%91%22text_text_color%22,%22link_text_color%22,%22text_text_color%22%93}\u00bb text_font_size_last_edited=\u00bboff|desktop\u00bb sticky_enabled=\u00bb0&#8243;]<\/p>\n<p><a href=\"http:\/\/wa.me\/+212660544131\">+212660544131<\/a><\/p>\n<p>[\/et_pb_text][\/et_pb_column][\/et_pb_row][\/et_pb_section]<\/p>\n","protected":false},"excerpt":{"rendered":"<p>ContactoP\u00f3ngase en contactoTel\u00e9fono+212672381615Correo electr\u00f3nicomoroccoviatravel@gmail.comTel\u00e9fono+212660544131<\/p>\n","protected":false},"author":3,"featured_media":0,"parent":0,"menu_order":0,"comment_status":"closed","ping_status":"closed","template":"","meta":{"_et_pb_use_builder":"on","_et_pb_old_content":"","_et_gb_content_width":"","footnotes":""},"class_list":["post-987507562","page","type-page","status-publish","hentry"],"_links":{"self":[{"href":"https:\/\/moroccoviatravel.com\/es\/wp-json\/wp\/v2\/pages\/987507562","targetHints":{"allow":["GET"]}}],"collection":[{"href":"https:\/\/moroccoviatravel.com\/es\/wp-json\/wp\/v2\/pages"}],"about":[{"href":"https:\/\/moroccoviatravel.com\/es\/wp-json\/wp\/v2\/types\/page"}],"author":[{"embeddable":true,"href":"https:\/\/moroccoviatravel.com\/es\/wp-json\/wp\/v2\/users\/3"}],"replies":[{"embeddable":true,"href":"https:\/\/moroccoviatravel.com\/es\/wp-json\/wp\/v2\/comments?post=987507562"}],"version-history":[{"count":22,"href":"https:\/\/moroccoviatravel.com\/es\/wp-json\/wp\/v2\/pages\/987507562\/revisions"}],"predecessor-version":[{"id":987508344,"href":"https:\/\/moroccoviatravel.com\/es\/wp-json\/wp\/v2\/pages\/987507562\/revisions\/987508344"}],"wp:attachment":[{"href":"https:\/\/moroccoviatravel.com\/es\/wp-json\/wp\/v2\/media?parent=987507562"}],"curies":[{"name":"wp","href":"https:\/\/api.w.org\/{rel}","templated":true}]}}